{"id":319,"date":"2018-01-23T22:21:55","date_gmt":"2018-01-23T22:21:55","guid":{"rendered":"https:\/\/genispecprod.wpengine.com\/ingenierie-structure\/supervision-chantier-construction\/"},"modified":"2022-10-25T03:44:55","modified_gmt":"2022-10-25T07:44:55","slug":"building-project-management","status":"publish","type":"page","link":"https:\/\/genispec.com\/en\/structural-engineering\/building-project-management\/","title":{"rendered":"Onsite supervision and construction project management"},"content":{"rendered":"[et_pb_section fb_built=&#8221;1&#8243; module_id=&#8221;BanPage&#8221; _builder_version=&#8221;4.16&#8243; background_image=&#8221;https:\/\/genispec.com\/wp-content\/uploads\/2018\/01\/architecture-2037288_1920-1.jpg&#8221; custom_padding=&#8221;140px||0px|&#8221; global_colors_info=&#8221;{}&#8221;][et_pb_row _builder_version=&#8221;4.16&#8243; custom_padding=&#8221;||10px|&#8221; global_colors_info=&#8221;{}&#8221;][et_pb_column type=&#8221;4_4&#8243; _builder_version=&#8221;4.16&#8243; custom_padding=&#8221;|||&#8221; global_colors_info=&#8221;{}&#8221; custom_padding__hover=&#8221;|||&#8221;][et_pb_text _builder_version=&#8221;4.16&#8243; global_colors_info=&#8221;{}&#8221;]\n<h1><strong>Onsite supervision and construction project management<\/strong><\/h1>\n[\/et_pb_text][\/et_pb_column][\/et_pb_row][\/et_pb_section][et_pb_section fb_built=&#8221;1&#8243; specialty=&#8221;on&#8221; module_id=&#8221;services&#8221; _builder_version=&#8221;4.16&#8243; global_colors_info=&#8221;{}&#8221;][et_pb_column type=&#8221;1_4&#8243; _builder_version=&#8221;4.16&#8243; custom_padding=&#8221;|||&#8221; global_colors_info=&#8221;{}&#8221; custom_padding__hover=&#8221;|||&#8221;][et_pb_accordion module_id=&#8221;subAccord&#8221; _builder_version=&#8221;4.18.0&#8243; hover_enabled=&#8221;0&#8243; global_module=&#8221;318&#8243; saved_tabs=&#8221;all&#8221; global_colors_info=&#8221;{}&#8221; sticky_enabled=&#8221;0&#8243;][et_pb_accordion_item title=&#8221;ENGINEERING&#8221; open=&#8221;on&#8221; _builder_version=&#8221;4.16&#8243; global_colors_info=&#8221;{}&#8221;]\n<p><a href=\"..\/construction-plans-specifications\/\">Construction plans and specifications<\/a><br \/> <a href=\"https:\/\/genispec.com\/en\/structural-engineering\/building-project-management\/\">Site supervision and project management<br \/> <\/a><\/p>\n[\/et_pb_accordion_item][et_pb_accordion_item title=&#8221;INSPECTION&#8221; _builder_version=&#8221;4.16&#8243; global_colors_info=&#8221;{}&#8221; open=&#8221;off&#8221;]\n<p><a href=\"https:\/\/genispec.com\/en\/building-inspection\/facade\/\">Facade Inspection<\/a><br \/> <a href=\"https:\/\/genispec.com\/en\/building-inspection\/underground-parking-inspection\/\">Underground Parking Inspection<\/a><br \/> <a href=\"https:\/\/genispec.com\/en\/building-inspection\/residential-structural-engineer\/\">Commercial, industrial and residential building inspection<\/a><br \/> <a href=\"https:\/\/genispec.com\/en\/building-inspection\/prereception-inspection\/\">Pre-reception inspection<\/a><br \/> <a href=\"https:\/\/genispec.com\/en\/building-inspection\/roof-inspection\/\">Roof inspection<\/a><br \/> <a href=\"https:\/\/genispec.com\/en\/building-inspection\/foundation\/\">Foundation inspection<\/a><\/p>\n<p><a href=\"https:\/\/genispec.com\/en\/building-inspection\/condominium-building-condition-certificate\/\">Condominium Building Condition Certificate<\/a><\/p>\n[\/et_pb_accordion_item][et_pb_accordion_item title=&#8221;EXPERTISE&#8221; _builder_version=&#8221;4.18.0&#8243; hover_enabled=&#8221;0&#8243; global_colors_info=&#8221;{}&#8221; open=&#8221;off&#8221; sticky_enabled=&#8221;0&#8243;]\n<p><a href=\"https:\/\/genispec.com\/en\/building-expert\/reserve-fund-study\/\">Reserve Fund Study<\/a><br \/><a href=\"https:\/\/genispec.com\/en\/building-expert\/rope-access-services\/\">Rope access services<\/a><\/p>\n<p><a href=\"https:\/\/genispec.com\/en\/building-expert\/building_maintenance_handbook_for_condominiums\/\">Building Maintenance Handbook for Condominiums<\/a><\/p>\n[\/et_pb_accordion_item][\/et_pb_accordion][\/et_pb_column][et_pb_column type=&#8221;3_4&#8243; specialty_columns=&#8221;3&#8243; _builder_version=&#8221;4.16&#8243; custom_padding=&#8221;|||&#8221; global_colors_info=&#8221;{}&#8221; custom_padding__hover=&#8221;|||&#8221;][et_pb_row_inner _builder_version=&#8221;4.16&#8243; global_colors_info=&#8221;{}&#8221;][et_pb_column_inner saved_specialty_column_type=&#8221;3_4&#8243; _builder_version=&#8221;4.16&#8243; custom_padding=&#8221;|||&#8221; global_colors_info=&#8221;{}&#8221; custom_padding__hover=&#8221;|||&#8221;][et_pb_text _builder_version=&#8221;4.16&#8243; global_colors_info=&#8221;{}&#8221;]\n<h2><span style=\"font-weight: 400;\">Genispec helps you by managing and supervising your construction project onsite<\/span><\/h2>\n<p><span style=\"font-weight: 400;\">The<\/span><b> onsite supervision and construction project managemen<\/b><span style=\"font-weight: 400;\">t done by our experts will ensure that the work executed comply with the <\/span><a href=\"https:\/\/genispec.com\/en\/structural-engineering\/construction-plans-specifications\/\"><span style=\"font-weight: 400;\">plans and specifications<\/span><\/a><span style=\"font-weight: 400;\"> as well as the construction standards required by the <\/span><a href=\"https:\/\/www.rbq.gouv.qc.ca\/en\/licence\/qualifying-eg-examinations\/examinations\/preparation-for-examinations.html#c12295\"><span style=\"font-weight: 400;\">R\u00e9gie du b\u00e2timent du Qu\u00e9bec (RBQ)<\/span><\/a><span style=\"font-weight: 400;\">. Through the continuous (or partial) building site supervision of the construction site and the project management by our engineering team, we can ensure that the work is carried out according to the recommendations, in order to be completed in a timely fashion and in the most optimal and professional manner, all the while minimizing the time you will need to spend and the risks associated with managing a construction project.<\/span><br \/>\n[\/et_pb_text][et_pb_image src=&#8221;https:\/\/genispec.com\/wp-content\/uploads\/2020\/09\/Montreal-Genispec-construction-project-management-and-onsite-supervision.jpg&#8221; alt=&#8221; In Montreal, Genispec provides construction project management and onsite supervision services.&#8221; title_text=&#8221;Montreal-Genispec-construction-project-management-and-onsite-supervision.jpg&#8221; align=&#8221;center&#8221; align_tablet=&#8221;center&#8221; align_last_edited=&#8221;on|desktop&#8221; _builder_version=&#8221;4.16&#8243; always_center_on_mobile=&#8221;on&#8221; global_colors_info=&#8221;{}&#8221; align_phone=&#8221;center&#8221;]&nbsp;<br \/>\n[\/et_pb_image][et_pb_text _builder_version=&#8221;4.16&#8243; global_colors_info=&#8221;{}&#8221;]\n<h2><span style=\"font-weight: 400;\">What is construction project management and onsite supervision?<\/span><\/h2>\n<p><span style=\"font-weight: 400;\">Given the increasing complexity of construction projects, it is common practice to assign a consultant to supervise and manage your construction project. <\/span><span style=\"font-weight: 400;\">Just like any other project, construction project management requires knowledge of modern management techniques as well an extensive understanding of the design and construction process. In general, contractors, engineers or architects are assigned to construction project management and are responsible for coordinating with and providing oversight to the stakeholders in the project. To qualify for consideration, contractors must be able to supervise onsite and handle public safety, decision-making, engineering, drafting, human resources, time, cost and quality management.<\/span><\/p>\n<h2><span style=\"font-weight: 400;\">Why is onsite supervision and project management important in construction?<\/span><\/h2>\n<p><span style=\"font-weight: 400;\">Effective <\/span><a href=\"https:\/\/en.wikipedia.org\/wiki\/Project_management\"><span style=\"font-weight: 400;\">project management<\/span><\/a><span style=\"font-weight: 400;\"> ensures the successful completion of your construction project on time, within budget, and without financial and legal complications. In ensuring the successful completion of construction work, onsite supervision is key to the success of your construction project. The site supervisor plays an important role in managing the project, overseeing administrative tasks, ensuring that costs remain within budget and inform all parties of any problems identified during the progress of the construction project.\u00a0<\/span><br \/>\n[\/et_pb_text][et_pb_image src=&#8221;https:\/\/genispec.com\/wp-content\/uploads\/2020\/09\/construction-project-management-and-onsite-supervision-with-Genispec-in-Montreal-scaled.jpg&#8221; alt=&#8221;Genispec conducts construction project management and onsite supervision in Montreal.&#8221; title_text=&#8221;construction-project-management-and-onsite-supervision-with-Genispec-in-Montreal.jpg&#8221; align=&#8221;center&#8221; align_tablet=&#8221;center&#8221; align_last_edited=&#8221;on|desktop&#8221; _builder_version=&#8221;4.16&#8243; always_center_on_mobile=&#8221;on&#8221; global_colors_info=&#8221;{}&#8221; align_phone=&#8221;center&#8221;][\/et_pb_image][et_pb_text _builder_version=&#8221;4.16&#8243; global_colors_info=&#8221;{}&#8221;]\n<h2><span style=\"font-weight: 400;\">Genispec\u2019s building project management and construction site supervision services include:<\/span><\/h2>\n<ul>\n<li style=\"font-weight: 400;\"><span style=\"font-weight: 400;\">An in-depth analysis of the project<\/span><\/li>\n<li style=\"font-weight: 400;\"><span style=\"font-weight: 400;\">Explanation of plans and specifications<\/span><\/li>\n<li style=\"font-weight: 400;\"><span style=\"font-weight: 400;\">Periodic onsite supervision of the works until their completion<\/span><\/li>\n<li style=\"font-weight: 400;\"><span style=\"font-weight: 400;\">Verification of the conformity of works and materials with the plans and specifications<\/span><\/li>\n<li style=\"font-weight: 400;\"><span style=\"font-weight: 400;\">Verification of the conformity of the works with the contractual documents\u00a0<\/span><\/li>\n<li style=\"font-weight: 400;\"><span style=\"font-weight: 400;\">Technical support during all the working process<\/span><\/li>\n<li style=\"font-weight: 400;\"><span style=\"font-weight: 400;\">Site monitoring reports following the visits by our site supervisor<\/span><\/li>\n<li style=\"font-weight: 400;\"><span style=\"font-weight: 400;\">Communication of the recommendations and follow-up of changes applied, if necessary.<\/span><\/li>\n<\/ul>\n<p><span style=\"font-weight: 400;\">A certificate of completion and compliance of construction, signed and stamped by a member of the <\/span><a href=\"http:\/\/oiq.qc.ca\/en\/Pages\/selection.aspx\"><span style=\"font-weight: 400;\">Order of Engineers of Quebec<\/span><\/a><span style=\"font-weight: 400;\"> (OIQ), is included in all the site supervision mandates.<\/span><\/p>\n<p><span style=\"font-weight: 400;\">Experts in structural engineering, trust our building engineers and <\/span><a href=\"https:\/\/genispec.com\/en\/contact\/\"><span style=\"font-weight: 400;\">request a free quote<\/span><\/a><span style=\"font-weight: 400;\"> for onsite supervision and project management now. Our <\/span><a href=\"https:\/\/genispec.com\/en\/\"><span style=\"font-weight: 400;\">building engineers<\/span><\/a><span style=\"font-weight: 400;\"> at Genispec will be happy to assist you in this process. <\/span><span style=\"font-weight: 400;\">Alternatively, <\/span><a href=\"https:\/\/genispec.com\/en\/structural-engineering\/\"><span style=\"font-weight: 400;\">discover Genispec\u2019s other structural engineering services<\/span><\/a><span style=\"font-weight: 400;\">.<\/span><br \/>\n[\/et_pb_text][et_pb_code _builder_version=&#8221;4.16&#8243; global_colors_info=&#8221;{}&#8221;]<script type=\"application\/ld+json\"><!-- [et_pb_line_break_holder] -->{<!-- [et_pb_line_break_holder] --> \"@context\": \"https:\/\/schema.org\",<!-- [et_pb_line_break_holder] --> \"@type\": \"FAQPage\",<!-- [et_pb_line_break_holder] --> \"mainEntity\": [{<!-- [et_pb_line_break_holder] -->\"@type\": \"Question\",<!-- [et_pb_line_break_holder] -->\"name\": \"What is construction project management and onsite supervision?\",<!-- [et_pb_line_break_holder] -->\"acceptedAnswer\": {<!-- [et_pb_line_break_holder] -->\"@type\": \"Answer\",<!-- [et_pb_line_break_holder] -->\"text\": \"Just like any other project, construction project management requires knowledge of modern management techniques as well an extensive understanding of the design and construction process.\"<!-- [et_pb_line_break_holder] --> }<!-- [et_pb_line_break_holder] --> }, {<!-- [et_pb_line_break_holder] -->\"@type\": \"Question\",<!-- [et_pb_line_break_holder] --> \"name\": \"Why is onsite supervision and project management important in construction?\",<!-- [et_pb_line_break_holder] -->\"acceptedAnswer\": {<!-- [et_pb_line_break_holder] --> \"@type\": \"Answer\",<!-- [et_pb_line_break_holder] --> \"text\": \"Effective project management ensures the successful completion of your construction project on time, within budget, and without financial and legal complications. In ensuring the successful completion of construction work, onsite supervision is key to the success of your construction project.\"<!-- [et_pb_line_break_holder] --> }<!-- [et_pb_line_break_holder] --> }, {<!-- [et_pb_line_break_holder] --> \"@type\": \"Question\",<!-- [et_pb_line_break_holder] --> \"name\": \"Genispec helps you by managing and supervising your construction project onsite\",<!-- [et_pb_line_break_holder] --> \"acceptedAnswer\": {<!-- [et_pb_line_break_holder] --> \"@type\": \"Answer\",<!-- [et_pb_line_break_holder] --> \"text\":\"The onsite supervision and construction project management done by our experts will ensure that the work executed comply with the plans and specifications as well as the construction standards required by the R\u00e9gie du b\u00e2timent du Qu\u00e9bec (RBQ).\"}<!-- [et_pb_line_break_holder] --> }]<!-- [et_pb_line_break_holder] --> }<!-- [et_pb_line_break_holder] --><\/script><!-- [et_pb_line_break_holder] -->[\/et_pb_code][\/et_pb_column_inner][\/et_pb_row_inner][\/et_pb_column][\/et_pb_section][et_pb_section fb_built=&#8221;1&#8243; _builder_version=&#8221;3.0.95&#8243; background_color=&#8221;#2ea3f2&#8243; background_image=&#8221;https:\/\/genispec.com\/wp-content\/uploads\/2018\/01\/fd_bleu.jpg&#8221; global_module=&#8221;296&#8243; global_colors_info=&#8221;{}&#8221;][et_pb_row _builder_version=&#8221;4.16&#8243; background_size=&#8221;initial&#8221; background_position=&#8221;top_left&#8221; background_repeat=&#8221;repeat&#8221; global_colors_info=&#8221;{}&#8221;][et_pb_column type=&#8221;4_4&#8243; _builder_version=&#8221;4.16&#8243; custom_padding=&#8221;|||&#8221; global_colors_info=&#8221;{}&#8221; custom_padding__hover=&#8221;|||&#8221;][et_pb_cta title=&#8221;Trust our building engineers&#8221; button_url=&#8221;\/en\/contact\/&#8221; button_text=&#8221;Request a Free Quote&#8221; _builder_version=&#8221;4.16&#8243; use_background_color=&#8221;off&#8221; custom_button=&#8221;on&#8221; button_text_color=&#8221;#ffffff&#8221; button_border_color=&#8221;#ffffff&#8221; button_use_icon=&#8221;off&#8221; button_text_color_hover=&#8221;#036e8c&#8221; button_border_color_hover=&#8221;#036e8c&#8221; button_bg_color_hover=&#8221;#ffffff&#8221; global_colors_info=&#8221;{}&#8221; button_text_size__hover_enabled=&#8221;off&#8221; button_one_text_size__hover_enabled=&#8221;off&#8221; button_two_text_size__hover_enabled=&#8221;off&#8221; button_text_color__hover_enabled=&#8221;on&#8221; button_text_color__hover=&#8221;#036e8c&#8221; button_one_text_color__hover_enabled=&#8221;off&#8221; button_two_text_color__hover_enabled=&#8221;off&#8221; button_border_width__hover_enabled=&#8221;off&#8221; button_one_border_width__hover_enabled=&#8221;off&#8221; button_two_border_width__hover_enabled=&#8221;off&#8221; button_border_color__hover_enabled=&#8221;on&#8221; button_border_color__hover=&#8221;#036e8c&#8221; button_one_border_color__hover_enabled=&#8221;off&#8221; button_two_border_color__hover_enabled=&#8221;off&#8221; button_border_radius__hover_enabled=&#8221;off&#8221; button_one_border_radius__hover_enabled=&#8221;off&#8221; button_two_border_radius__hover_enabled=&#8221;off&#8221; button_letter_spacing__hover_enabled=&#8221;off&#8221; button_one_letter_spacing__hover_enabled=&#8221;off&#8221; button_two_letter_spacing__hover_enabled=&#8221;off&#8221; button_bg_color__hover_enabled=&#8221;on&#8221; button_bg_color__hover=&#8221;#ffffff&#8221; button_one_bg_color__hover_enabled=&#8221;off&#8221; button_two_bg_color__hover_enabled=&#8221;off&#8221;][\/et_pb_cta][\/et_pb_column][\/et_pb_row][\/et_pb_section]\n","protected":false},"excerpt":{"rendered":"<p>Onsite supervision and construction project management Construction plans and specifications Site supervision and project management Facade Inspection Underground Parking Inspection Commercial, industrial and residential building inspection Pre-reception inspection Roof inspection Foundation inspection Condominium Building Condition CertificateReserve Fund StudyRope access services Building Maintenance Handbook for CondominiumsGenispec helps you by managing and supervising your construction project onsite [&hellip;]<\/p>\n","protected":false},"author":6,"featured_media":0,"parent":314,"menu_order":0,"comment_status":"closed","ping_status":"closed","template":"","meta":{"_et_pb_use_builder":"on","_et_pb_old_content":"","_et_gb_content_width":"","footnotes":""},"class_list":["post-319","page","type-page","status-publish","hentry"],"yoast_head":"<!-- This site is optimized with the Yoast SEO plugin v26.2 - https:\/\/yoast.com\/wordpress\/plugins\/seo\/ -->\n<title>Onsite supervision project management - Genispec Inspections<\/title>\n<meta name=\"description\" content=\"Genispec Inspections is a firm of building engineers specialized in onsite supervision and project management. Discover our management expertise and services!\" \/>\n<meta name=\"robots\" content=\"index, follow, max-snippet:-1, max-image-preview:large, max-video-preview:-1\" \/>\n<link rel=\"canonical\" href=\"https:\/\/genispec.com\/en\/structural-engineering\/building-project-management\/\" \/>\n<meta property=\"og:locale\" content=\"en_US\" \/>\n<meta property=\"og:type\" content=\"article\" \/>\n<meta property=\"og:title\" content=\"Onsite supervision project management - Genispec Inspections\" \/>\n<meta property=\"og:description\" content=\"Genispec Inspections is a firm of building engineers specialized in onsite supervision and project management. Discover our management expertise and services!\" \/>\n<meta property=\"og:url\" content=\"https:\/\/genispec.com\/en\/structural-engineering\/building-project-management\/\" \/>\n<meta property=\"og:site_name\" content=\"Genispec\" \/>\n<meta property=\"article:publisher\" content=\"https:\/\/www.facebook.com\/Genispec\/\" \/>\n<meta property=\"article:modified_time\" content=\"2022-10-25T07:44:55+00:00\" \/>\n<meta property=\"og:image\" content=\"https:\/\/genispec.com\/wp-content\/uploads\/2018\/03\/optimized_with_description_FRENCH-e1522356210161.jpg\" \/>\n\t<meta property=\"og:image:width\" content=\"225\" \/>\n\t<meta property=\"og:image:height\" content=\"106\" \/>\n\t<meta property=\"og:image:type\" content=\"image\/jpeg\" \/>\n<meta name=\"twitter:card\" content=\"summary_large_image\" \/>\n<meta name=\"twitter:label1\" content=\"Est. reading time\" \/>\n\t<meta name=\"twitter:data1\" content=\"4 minutes\" \/>\n<script type=\"application\/ld+json\" class=\"yoast-schema-graph\">{\"@context\":\"https:\/\/schema.org\",\"@graph\":[{\"@type\":\"WebPage\",\"@id\":\"https:\/\/genispec.com\/en\/structural-engineering\/building-project-management\/\",\"url\":\"https:\/\/genispec.com\/en\/structural-engineering\/building-project-management\/\",\"name\":\"Onsite supervision project management - Genispec Inspections\",\"isPartOf\":{\"@id\":\"https:\/\/genispec.com\/en\/#website\"},\"datePublished\":\"2018-01-23T22:21:55+00:00\",\"dateModified\":\"2022-10-25T07:44:55+00:00\",\"description\":\"Genispec Inspections is a firm of building engineers specialized in onsite supervision and project management. Discover our management expertise and services!\",\"breadcrumb\":{\"@id\":\"https:\/\/genispec.com\/en\/structural-engineering\/building-project-management\/#breadcrumb\"},\"inLanguage\":\"en-CA\",\"potentialAction\":[{\"@type\":\"ReadAction\",\"target\":[\"https:\/\/genispec.com\/en\/structural-engineering\/building-project-management\/\"]}]},{\"@type\":\"BreadcrumbList\",\"@id\":\"https:\/\/genispec.com\/en\/structural-engineering\/building-project-management\/#breadcrumb\",\"itemListElement\":[{\"@type\":\"ListItem\",\"position\":1,\"name\":\"Accueil\",\"item\":\"https:\/\/genispec.com\/en\/\"},{\"@type\":\"ListItem\",\"position\":2,\"name\":\"Engineering\",\"item\":\"https:\/\/genispec.com\/en\/structural-engineering\/\"},{\"@type\":\"ListItem\",\"position\":3,\"name\":\"Onsite supervision and construction project management\"}]},{\"@type\":\"WebSite\",\"@id\":\"https:\/\/genispec.com\/en\/#website\",\"url\":\"https:\/\/genispec.com\/en\/\",\"name\":\"Genispec\",\"description\":\"\",\"publisher\":{\"@id\":\"https:\/\/genispec.com\/en\/#organization\"},\"potentialAction\":[{\"@type\":\"SearchAction\",\"target\":{\"@type\":\"EntryPoint\",\"urlTemplate\":\"https:\/\/genispec.com\/en\/?s={search_term_string}\"},\"query-input\":{\"@type\":\"PropertyValueSpecification\",\"valueRequired\":true,\"valueName\":\"search_term_string\"}}],\"inLanguage\":\"en-CA\"},{\"@type\":\"Organization\",\"@id\":\"https:\/\/genispec.com\/en\/#organization\",\"name\":\"Genispec\",\"url\":\"https:\/\/genispec.com\/en\/\",\"logo\":{\"@type\":\"ImageObject\",\"inLanguage\":\"en-CA\",\"@id\":\"https:\/\/genispec.com\/en\/#\/schema\/logo\/image\/\",\"url\":\"https:\/\/genispec.com\/wp-content\/uploads\/2018\/03\/optimized_with_description_FRENCH-e1522356210161.jpg\",\"contentUrl\":\"https:\/\/genispec.com\/wp-content\/uploads\/2018\/03\/optimized_with_description_FRENCH-e1522356210161.jpg\",\"width\":225,\"height\":106,\"caption\":\"Genispec\"},\"image\":{\"@id\":\"https:\/\/genispec.com\/en\/#\/schema\/logo\/image\/\"},\"sameAs\":[\"https:\/\/www.facebook.com\/Genispec\/\",\"https:\/\/www.instagram.com\/genispec\/\",\"https:\/\/www.linkedin.com\/in\/genispec-inspections-inc-971b7018\/\",\"https:\/\/www.pagesjaunes.ca\/bus\/Quebec\/MONTREAL\/Genispec-Inspections-Inc\/100838448.html\",\"https:\/\/www.youtube.com\/channel\/UC6V4DJsUvAGGOMjMfVG68LQ\"]}]}<\/script>\n<!-- \/ Yoast SEO plugin. -->","yoast_head_json":{"title":"Onsite supervision project management - Genispec Inspections","description":"Genispec Inspections is a firm of building engineers specialized in onsite supervision and project management. Discover our management expertise and services!","robots":{"index":"index","follow":"follow","max-snippet":"max-snippet:-1","max-image-preview":"max-image-preview:large","max-video-preview":"max-video-preview:-1"},"canonical":"https:\/\/genispec.com\/en\/structural-engineering\/building-project-management\/","og_locale":"en_US","og_type":"article","og_title":"Onsite supervision project management - Genispec Inspections","og_description":"Genispec Inspections is a firm of building engineers specialized in onsite supervision and project management. Discover our management expertise and services!","og_url":"https:\/\/genispec.com\/en\/structural-engineering\/building-project-management\/","og_site_name":"Genispec","article_publisher":"https:\/\/www.facebook.com\/Genispec\/","article_modified_time":"2022-10-25T07:44:55+00:00","og_image":[{"width":225,"height":106,"url":"https:\/\/genispec.com\/wp-content\/uploads\/2018\/03\/optimized_with_description_FRENCH-e1522356210161.jpg","type":"image\/jpeg"}],"twitter_card":"summary_large_image","twitter_misc":{"Est. reading time":"4 minutes"},"schema":{"@context":"https:\/\/schema.org","@graph":[{"@type":"WebPage","@id":"https:\/\/genispec.com\/en\/structural-engineering\/building-project-management\/","url":"https:\/\/genispec.com\/en\/structural-engineering\/building-project-management\/","name":"Onsite supervision project management - Genispec Inspections","isPartOf":{"@id":"https:\/\/genispec.com\/en\/#website"},"datePublished":"2018-01-23T22:21:55+00:00","dateModified":"2022-10-25T07:44:55+00:00","description":"Genispec Inspections is a firm of building engineers specialized in onsite supervision and project management. Discover our management expertise and services!","breadcrumb":{"@id":"https:\/\/genispec.com\/en\/structural-engineering\/building-project-management\/#breadcrumb"},"inLanguage":"en-CA","potentialAction":[{"@type":"ReadAction","target":["https:\/\/genispec.com\/en\/structural-engineering\/building-project-management\/"]}]},{"@type":"BreadcrumbList","@id":"https:\/\/genispec.com\/en\/structural-engineering\/building-project-management\/#breadcrumb","itemListElement":[{"@type":"ListItem","position":1,"name":"Accueil","item":"https:\/\/genispec.com\/en\/"},{"@type":"ListItem","position":2,"name":"Engineering","item":"https:\/\/genispec.com\/en\/structural-engineering\/"},{"@type":"ListItem","position":3,"name":"Onsite supervision and construction project management"}]},{"@type":"WebSite","@id":"https:\/\/genispec.com\/en\/#website","url":"https:\/\/genispec.com\/en\/","name":"Genispec","description":"","publisher":{"@id":"https:\/\/genispec.com\/en\/#organization"},"potentialAction":[{"@type":"SearchAction","target":{"@type":"EntryPoint","urlTemplate":"https:\/\/genispec.com\/en\/?s={search_term_string}"},"query-input":{"@type":"PropertyValueSpecification","valueRequired":true,"valueName":"search_term_string"}}],"inLanguage":"en-CA"},{"@type":"Organization","@id":"https:\/\/genispec.com\/en\/#organization","name":"Genispec","url":"https:\/\/genispec.com\/en\/","logo":{"@type":"ImageObject","inLanguage":"en-CA","@id":"https:\/\/genispec.com\/en\/#\/schema\/logo\/image\/","url":"https:\/\/genispec.com\/wp-content\/uploads\/2018\/03\/optimized_with_description_FRENCH-e1522356210161.jpg","contentUrl":"https:\/\/genispec.com\/wp-content\/uploads\/2018\/03\/optimized_with_description_FRENCH-e1522356210161.jpg","width":225,"height":106,"caption":"Genispec"},"image":{"@id":"https:\/\/genispec.com\/en\/#\/schema\/logo\/image\/"},"sameAs":["https:\/\/www.facebook.com\/Genispec\/","https:\/\/www.instagram.com\/genispec\/","https:\/\/www.linkedin.com\/in\/genispec-inspections-inc-971b7018\/","https:\/\/www.pagesjaunes.ca\/bus\/Quebec\/MONTREAL\/Genispec-Inspections-Inc\/100838448.html","https:\/\/www.youtube.com\/channel\/UC6V4DJsUvAGGOMjMfVG68LQ"]}]}},"_links":{"self":[{"href":"https:\/\/genispec.com\/en\/wp-json\/wp\/v2\/pages\/319","targetHints":{"allow":["GET"]}}],"collection":[{"href":"https:\/\/genispec.com\/en\/wp-json\/wp\/v2\/pages"}],"about":[{"href":"https:\/\/genispec.com\/en\/wp-json\/wp\/v2\/types\/page"}],"author":[{"embeddable":true,"href":"https:\/\/genispec.com\/en\/wp-json\/wp\/v2\/users\/6"}],"replies":[{"embeddable":true,"href":"https:\/\/genispec.com\/en\/wp-json\/wp\/v2\/comments?post=319"}],"version-history":[{"count":0,"href":"https:\/\/genispec.com\/en\/wp-json\/wp\/v2\/pages\/319\/revisions"}],"up":[{"embeddable":true,"href":"https:\/\/genispec.com\/en\/wp-json\/wp\/v2\/pages\/314"}],"wp:attachment":[{"href":"https:\/\/genispec.com\/en\/wp-json\/wp\/v2\/media?parent=319"}],"curies":[{"name":"wp","href":"https:\/\/api.w.org\/{rel}","templated":true}]}}