{"id":306,"date":"2018-02-12T17:46:55","date_gmt":"2018-02-12T17:46:55","guid":{"rendered":"https:\/\/genispecprod.wpengine.com\/expertise-batiment\/"},"modified":"2025-08-25T17:51:57","modified_gmt":"2025-08-25T21:51:57","slug":"building-expert","status":"publish","type":"page","link":"https:\/\/genispec.com\/en\/building-expert\/","title":{"rendered":"Expertise"},"content":{"rendered":"[et_pb_section fb_built=&#8221;1&#8243; module_id=&#8221;BanPage&#8221; _builder_version=&#8221;4.16&#8243; background_image=&#8221;https:\/\/genispec.com\/wp-content\/uploads\/2018\/01\/architecture-2037288_1920-1.jpg&#8221; custom_padding=&#8221;140px||0px|&#8221; global_colors_info=&#8221;{}&#8221;][et_pb_row _builder_version=&#8221;4.16&#8243; custom_padding=&#8221;||10px|&#8221; global_colors_info=&#8221;{}&#8221;][et_pb_column type=&#8221;4_4&#8243; _builder_version=&#8221;4.16&#8243; custom_padding=&#8221;|||&#8221; global_colors_info=&#8221;{}&#8221; custom_padding__hover=&#8221;|||&#8221;][et_pb_text _builder_version=&#8221;4.16&#8243; global_colors_info=&#8221;{}&#8221;]\n<h1>Building Expert<\/h1>\n[\/et_pb_text][\/et_pb_column][\/et_pb_row][\/et_pb_section][et_pb_section fb_built=&#8221;1&#8243; module_id=&#8221;primaryService&#8221; _builder_version=&#8221;4.16&#8243; global_colors_info=&#8221;{}&#8221;][et_pb_row column_structure=&#8221;1_2,1_2&#8243; _builder_version=&#8221;4.16&#8243; background_size=&#8221;initial&#8221; background_position=&#8221;top_left&#8221; background_repeat=&#8221;repeat&#8221; global_colors_info=&#8221;{}&#8221;][et_pb_column type=&#8221;1_2&#8243; _builder_version=&#8221;4.16&#8243; custom_padding=&#8221;|||&#8221; global_colors_info=&#8221;{}&#8221; custom_padding__hover=&#8221;|||&#8221;][et_pb_image src=&#8221;https:\/\/genispec.com\/wp-content\/uploads\/2021\/02\/genispec-reserve-fund-study.gif&#8221; alt=&#8221;Reserve Fund Study&#8221; url=&#8221;\/en\/building-expert\/reserve-fund-study\/&#8221; align=&#8221;center&#8221; force_fullwidth=&#8221;on&#8221; align_tablet=&#8221;center&#8221; align_phone=&#8221;center&#8221; align_last_edited=&#8221;on|desktop&#8221; _builder_version=&#8221;4.18.0&#8243; animation_style=&#8221;fade&#8221; always_center_on_mobile=&#8221;on&#8221; global_colors_info=&#8221;{}&#8221;]&nbsp;<br \/>\n[\/et_pb_image][et_pb_divider show_divider=&#8221;off&#8221; _builder_version=&#8221;4.16&#8243; background_color=&#8221;#036e8c&#8221; max_width=&#8221;30%&#8221; module_alignment=&#8221;center&#8221; height=&#8221;5px&#8221; custom_margin=&#8221;10px||10px|&#8221; custom_padding=&#8221;0px||0px|&#8221; global_colors_info=&#8221;{}&#8221;]&nbsp;<br \/>\n[\/et_pb_divider][et_pb_text _builder_version=&#8221;4.18.0&#8243; global_colors_info=&#8221;{}&#8221;]\n<h2 style=\"text-align: center;\"><a href=\"https:\/\/genispec.com\/en\/building-expert\/reserve-fund-study\/\">Reserve Fund Study<\/a><\/h2>\n[\/et_pb_text][\/et_pb_column][et_pb_column type=&#8221;1_2&#8243; _builder_version=&#8221;4.16&#8243; custom_padding=&#8221;|||&#8221; global_colors_info=&#8221;{}&#8221; custom_padding__hover=&#8221;|||&#8221;][et_pb_image src=&#8221;https:\/\/genispec.com\/wp-content\/uploads\/2021\/02\/genispec-building-maintenance-handbook-for-condominiums.jpg&#8221; alt=&#8221;Seismic Construction Study&#8221; title_text=&#8221;Top view of two industrial workers wearing hardhats and reflective jackets holding tablet and checklist on gray concrete background.&#8221; url=&#8221;\/en\/building-expert\/building_maintenance_handbook_for_condominiums\/&#8221; align=&#8221;center&#8221; force_fullwidth=&#8221;on&#8221; align_tablet=&#8221;center&#8221; align_phone=&#8221;center&#8221; align_last_edited=&#8221;on|desktop&#8221; _builder_version=&#8221;4.18.0&#8243; animation_style=&#8221;fade&#8221; always_center_on_mobile=&#8221;on&#8221; global_colors_info=&#8221;{}&#8221;]&nbsp;<br \/>\n[\/et_pb_image][et_pb_divider show_divider=&#8221;off&#8221; _builder_version=&#8221;4.16&#8243; background_color=&#8221;#036e8c&#8221; max_width=&#8221;30%&#8221; module_alignment=&#8221;center&#8221; height=&#8221;5px&#8221; custom_margin=&#8221;10px||10px|&#8221; custom_padding=&#8221;0px||0px|&#8221; global_colors_info=&#8221;{}&#8221;]&nbsp;<br \/>\n[\/et_pb_divider][et_pb_text _builder_version=&#8221;4.18.0&#8243; global_colors_info=&#8221;{}&#8221;]\n<h2 style=\"text-align: center;\"><a href=\"\/en\/building-expert\/building_maintenance_handbook_for_condominiums\/\">Building Maintenance Handbook for Condominiums<\/a><\/h2>\n[\/et_pb_text][\/et_pb_column][\/et_pb_row][et_pb_row column_structure=&#8221;1_2,1_2&#8243; _builder_version=&#8221;4.16&#8243; background_size=&#8221;initial&#8221; background_position=&#8221;top_left&#8221; background_repeat=&#8221;repeat&#8221; global_colors_info=&#8221;{}&#8221;][et_pb_column type=&#8221;1_2&#8243; _builder_version=&#8221;4.16&#8243; custom_padding=&#8221;|||&#8221; global_colors_info=&#8221;{}&#8221; custom_padding__hover=&#8221;|||&#8221;][et_pb_image src=&#8221;https:\/\/genispec.com\/wp-content\/uploads\/2024\/07\/documents-ouvriers-chantier.webp&#8221; _builder_version=&#8221;4.24.3&#8243; _module_preset=&#8221;default&#8221; alt=&#8221;documents-ouvriers-chantier&#8221; title_text=&#8221;documents-ouvriers-chantier&#8221; hover_enabled=&#8221;0&#8243; sticky_enabled=&#8221;0&#8243; url=&#8221;https:\/\/genispec.com\/en\/building-expert\/condo-status-certificate\/&#8221;][\/et_pb_image][et_pb_divider show_divider=&#8221;off&#8221; _builder_version=&#8221;4.16&#8243; background_color=&#8221;#036e8c&#8221; max_width=&#8221;30%&#8221; module_alignment=&#8221;center&#8221; height=&#8221;5px&#8221; custom_margin=&#8221;10px||10px|&#8221; custom_padding=&#8221;0px||0px|&#8221; global_colors_info=&#8221;{}&#8221;]&nbsp;<br \/>\n[\/et_pb_divider][et_pb_text _builder_version=&#8221;4.24.3&#8243; hover_enabled=&#8221;0&#8243; global_colors_info=&#8221;{}&#8221; sticky_enabled=&#8221;0&#8243;]\n<h2 style=\"text-align: center;\"><a href=\"https:\/\/genispec.com\/en\/building-expert\/condo-status-certificate\/\">Condo Status Certificate<\/a><\/h2>\n[\/et_pb_text][\/et_pb_column][et_pb_column type=&#8221;1_2&#8243; _builder_version=&#8221;4.16&#8243; custom_padding=&#8221;|||&#8221; global_colors_info=&#8221;{}&#8221; custom_padding__hover=&#8221;|||&#8221;][et_pb_image src=&#8221;https:\/\/genispec.com\/wp-content\/uploads\/2021\/02\/genispec-rope-access-services.jpeg&#8221; alt=&#8221;Rope access services&#8221; url=&#8221;\/en\/building-expert\/rope-access-services\/&#8221; align=&#8221;center&#8221; force_fullwidth=&#8221;on&#8221; align_tablet=&#8221;center&#8221; align_phone=&#8221;center&#8221; align_last_edited=&#8221;on|desktop&#8221; _builder_version=&#8221;4.18.0&#8243; animation_style=&#8221;fade&#8221; always_center_on_mobile=&#8221;on&#8221; global_colors_info=&#8221;{}&#8221;]&nbsp;<br \/>\n[\/et_pb_image][et_pb_divider show_divider=&#8221;off&#8221; _builder_version=&#8221;4.16&#8243; background_color=&#8221;#036e8c&#8221; max_width=&#8221;30%&#8221; module_alignment=&#8221;center&#8221; height=&#8221;5px&#8221; custom_margin=&#8221;10px||10px|&#8221; custom_padding=&#8221;0px||0px|&#8221; global_colors_info=&#8221;{}&#8221;]&nbsp;<br \/>\n[\/et_pb_divider][et_pb_text _builder_version=&#8221;4.18.0&#8243; global_colors_info=&#8221;{}&#8221;]\n<h2 style=\"text-align: center;\"><a href=\"https:\/\/genispec.com\/en\/building-expert\/rope-access-services\/\">Rope access services<\/a><\/h2>\n[\/et_pb_text][\/et_pb_column][\/et_pb_row][et_pb_row _builder_version=&#8221;4.16&#8243; background_size=&#8221;initial&#8221; background_position=&#8221;top_left&#8221; background_repeat=&#8221;repeat&#8221; global_colors_info=&#8221;{}&#8221;][et_pb_column type=&#8221;4_4&#8243; _builder_version=&#8221;4.16&#8243; custom_padding=&#8221;|||&#8221; global_colors_info=&#8221;{}&#8221; custom_padding__hover=&#8221;|||&#8221;][et_pb_text _builder_version=&#8221;4.18.0&#8243; global_colors_info=&#8221;{}&#8221;]Our team of expert building engineers have developed specialized methods to identify the most common building envelope or structural problems found in the Quebec climate. We offer several services of building expertise that can help you in the event of a disaster or disability, as well as during a renovation, expansion project or maintenance of your building.<\/p>\n<p>Our<strong>\u00a0building expertise services\u00a0<\/strong>include :<\/p>\n<ul>\n<li>Building envelope expertise<\/li>\n<li>Building Structure Expertise<\/li>\n<li>Roof expertise<\/li>\n<\/ul>\n<p>Our building structure experts will be able to diagnose problems effectively and recommend the best solutions for the project and budget.Please contact us for any questions regarding building expertise.[\/et_pb_text][\/et_pb_column][\/et_pb_row][\/et_pb_section][et_pb_section fb_built=&#8221;1&#8243; _builder_version=&#8221;4.16&#8243; background_color=&#8221;#2ea3f2&#8243; background_image=&#8221;https:\/\/genispec.com\/wp-content\/uploads\/2018\/01\/fd_bleu.jpg&#8221; global_colors_info=&#8221;{}&#8221;][et_pb_row module_id=&#8221;CTA&#8221; _builder_version=&#8221;4.16&#8243; background_size=&#8221;initial&#8221; background_position=&#8221;top_left&#8221; background_repeat=&#8221;repeat&#8221; global_colors_info=&#8221;{}&#8221;][et_pb_column type=&#8221;4_4&#8243; _builder_version=&#8221;4.16&#8243; custom_padding=&#8221;|||&#8221; global_colors_info=&#8221;{}&#8221; custom_padding__hover=&#8221;|||&#8221;][et_pb_cta title=&#8221;Trust our building engineers&#8221; button_url=&#8221;\/en\/contact\/&#8221; button_text=&#8221;Request a Free Quote&#8221; _builder_version=&#8221;4.16&#8243; use_background_color=&#8221;off&#8221; custom_button=&#8221;on&#8221; button_text_color=&#8221;#ffffff&#8221; button_border_color=&#8221;#ffffff&#8221; button_use_icon=&#8221;off&#8221; button_text_color_hover=&#8221;#036e8c&#8221; button_border_color_hover=&#8221;#036e8c&#8221; button_bg_color_hover=&#8221;#ffffff&#8221; global_colors_info=&#8221;{}&#8221; button_text_size__hover_enabled=&#8221;off&#8221; button_one_text_size__hover_enabled=&#8221;off&#8221; button_two_text_size__hover_enabled=&#8221;off&#8221; button_text_color__hover_enabled=&#8221;on&#8221; button_text_color__hover=&#8221;#036e8c&#8221; button_one_text_color__hover_enabled=&#8221;off&#8221; button_two_text_color__hover_enabled=&#8221;off&#8221; button_border_width__hover_enabled=&#8221;off&#8221; button_one_border_width__hover_enabled=&#8221;off&#8221; button_two_border_width__hover_enabled=&#8221;off&#8221; button_border_color__hover_enabled=&#8221;on&#8221; button_border_color__hover=&#8221;#036e8c&#8221; button_one_border_color__hover_enabled=&#8221;off&#8221; button_two_border_color__hover_enabled=&#8221;off&#8221; button_border_radius__hover_enabled=&#8221;off&#8221; button_one_border_radius__hover_enabled=&#8221;off&#8221; button_two_border_radius__hover_enabled=&#8221;off&#8221; button_letter_spacing__hover_enabled=&#8221;off&#8221; button_one_letter_spacing__hover_enabled=&#8221;off&#8221; button_two_letter_spacing__hover_enabled=&#8221;off&#8221; button_bg_color__hover_enabled=&#8221;on&#8221; button_bg_color__hover=&#8221;#ffffff&#8221; button_one_bg_color__hover_enabled=&#8221;off&#8221; button_two_bg_color__hover_enabled=&#8221;off&#8221;]&nbsp;<br \/>\n[\/et_pb_cta][\/et_pb_column][\/et_pb_row][\/et_pb_section]\n","protected":false},"excerpt":{"rendered":"<p>Building Expert &nbsp; &nbsp; Reserve Fund Study&nbsp; &nbsp; Building Maintenance Handbook for Condominiums&nbsp; Condo Status Certificate&nbsp; &nbsp; Rope access servicesOur team of expert building engineers have developed specialized methods to identify the most common building envelope or structural problems found in the Quebec climate. We offer several services of building expertise that can help you [&hellip;]<\/p>\n","protected":false},"author":6,"featured_media":0,"parent":0,"menu_order":0,"comment_status":"closed","ping_status":"closed","template":"","meta":{"_et_pb_use_builder":"on","_et_pb_old_content":"","_et_gb_content_width":"","footnotes":""},"class_list":["post-306","page","type-page","status-publish","hentry"],"yoast_head":"<!-- This site is optimized with the Yoast SEO plugin v26.2 - https:\/\/yoast.com\/wordpress\/plugins\/seo\/ -->\n<title>Expert en B\u00e2timent : expertise en structure - G\u00e9nispec Inspections<\/title>\n<meta name=\"description\" content=\"G\u00e9nispec Inspections est une firme qu\u00e9b\u00e9coise d&#039;experts en structure du b\u00e2timent : fa\u00e7ade, toiture, fondation... D\u00e9couvrez notre expertise et nos services !\" \/>\n<meta name=\"robots\" content=\"index, follow, max-snippet:-1, max-image-preview:large, max-video-preview:-1\" \/>\n<link rel=\"canonical\" href=\"https:\/\/genispec.com\/en\/building-expert\/\" \/>\n<meta property=\"og:locale\" content=\"en_US\" \/>\n<meta property=\"og:type\" content=\"article\" \/>\n<meta property=\"og:title\" content=\"Expert en B\u00e2timent : expertise en structure - G\u00e9nispec Inspections\" \/>\n<meta property=\"og:description\" content=\"G\u00e9nispec Inspections est une firme qu\u00e9b\u00e9coise d&#039;experts en structure du b\u00e2timent : fa\u00e7ade, toiture, fondation... D\u00e9couvrez notre expertise et nos services !\" \/>\n<meta property=\"og:url\" content=\"https:\/\/genispec.com\/en\/building-expert\/\" \/>\n<meta property=\"og:site_name\" content=\"Genispec\" \/>\n<meta property=\"article:publisher\" content=\"https:\/\/www.facebook.com\/Genispec\/\" \/>\n<meta property=\"article:modified_time\" content=\"2025-08-25T21:51:57+00:00\" \/>\n<meta property=\"og:image\" content=\"https:\/\/genispec.com\/wp-content\/uploads\/2018\/03\/optimized_with_description_FRENCH-e1522356210161.jpg\" \/>\n\t<meta property=\"og:image:width\" content=\"225\" \/>\n\t<meta property=\"og:image:height\" content=\"106\" \/>\n\t<meta property=\"og:image:type\" content=\"image\/jpeg\" \/>\n<meta name=\"twitter:card\" content=\"summary_large_image\" \/>\n<meta name=\"twitter:label1\" content=\"Est. reading time\" \/>\n\t<meta name=\"twitter:data1\" content=\"2 minutes\" \/>\n<script type=\"application\/ld+json\" class=\"yoast-schema-graph\">{\"@context\":\"https:\/\/schema.org\",\"@graph\":[{\"@type\":\"WebPage\",\"@id\":\"https:\/\/genispec.com\/en\/building-expert\/\",\"url\":\"https:\/\/genispec.com\/en\/building-expert\/\",\"name\":\"Expert en B\u00e2timent : expertise en structure - G\u00e9nispec Inspections\",\"isPartOf\":{\"@id\":\"https:\/\/genispec.com\/en\/#website\"},\"datePublished\":\"2018-02-12T17:46:55+00:00\",\"dateModified\":\"2025-08-25T21:51:57+00:00\",\"description\":\"G\u00e9nispec Inspections est une firme qu\u00e9b\u00e9coise d'experts en structure du b\u00e2timent : fa\u00e7ade, toiture, fondation... D\u00e9couvrez notre expertise et nos services !\",\"breadcrumb\":{\"@id\":\"https:\/\/genispec.com\/en\/building-expert\/#breadcrumb\"},\"inLanguage\":\"en-CA\",\"potentialAction\":[{\"@type\":\"ReadAction\",\"target\":[\"https:\/\/genispec.com\/en\/building-expert\/\"]}]},{\"@type\":\"BreadcrumbList\",\"@id\":\"https:\/\/genispec.com\/en\/building-expert\/#breadcrumb\",\"itemListElement\":[{\"@type\":\"ListItem\",\"position\":1,\"name\":\"Accueil\",\"item\":\"https:\/\/genispec.com\/en\/\"},{\"@type\":\"ListItem\",\"position\":2,\"name\":\"Expertise\"}]},{\"@type\":\"WebSite\",\"@id\":\"https:\/\/genispec.com\/en\/#website\",\"url\":\"https:\/\/genispec.com\/en\/\",\"name\":\"Genispec\",\"description\":\"\",\"publisher\":{\"@id\":\"https:\/\/genispec.com\/en\/#organization\"},\"potentialAction\":[{\"@type\":\"SearchAction\",\"target\":{\"@type\":\"EntryPoint\",\"urlTemplate\":\"https:\/\/genispec.com\/en\/?s={search_term_string}\"},\"query-input\":{\"@type\":\"PropertyValueSpecification\",\"valueRequired\":true,\"valueName\":\"search_term_string\"}}],\"inLanguage\":\"en-CA\"},{\"@type\":\"Organization\",\"@id\":\"https:\/\/genispec.com\/en\/#organization\",\"name\":\"Genispec\",\"url\":\"https:\/\/genispec.com\/en\/\",\"logo\":{\"@type\":\"ImageObject\",\"inLanguage\":\"en-CA\",\"@id\":\"https:\/\/genispec.com\/en\/#\/schema\/logo\/image\/\",\"url\":\"https:\/\/genispec.com\/wp-content\/uploads\/2018\/03\/optimized_with_description_FRENCH-e1522356210161.jpg\",\"contentUrl\":\"https:\/\/genispec.com\/wp-content\/uploads\/2018\/03\/optimized_with_description_FRENCH-e1522356210161.jpg\",\"width\":225,\"height\":106,\"caption\":\"Genispec\"},\"image\":{\"@id\":\"https:\/\/genispec.com\/en\/#\/schema\/logo\/image\/\"},\"sameAs\":[\"https:\/\/www.facebook.com\/Genispec\/\",\"https:\/\/www.instagram.com\/genispec\/\",\"https:\/\/www.linkedin.com\/in\/genispec-inspections-inc-971b7018\/\",\"https:\/\/www.pagesjaunes.ca\/bus\/Quebec\/MONTREAL\/Genispec-Inspections-Inc\/100838448.html\",\"https:\/\/www.youtube.com\/channel\/UC6V4DJsUvAGGOMjMfVG68LQ\"]}]}<\/script>\n<!-- \/ Yoast SEO plugin. -->","yoast_head_json":{"title":"Expert en B\u00e2timent : expertise en structure - G\u00e9nispec Inspections","description":"G\u00e9nispec Inspections est une firme qu\u00e9b\u00e9coise d'experts en structure du b\u00e2timent : fa\u00e7ade, toiture, fondation... D\u00e9couvrez notre expertise et nos services !","robots":{"index":"index","follow":"follow","max-snippet":"max-snippet:-1","max-image-preview":"max-image-preview:large","max-video-preview":"max-video-preview:-1"},"canonical":"https:\/\/genispec.com\/en\/building-expert\/","og_locale":"en_US","og_type":"article","og_title":"Expert en B\u00e2timent : expertise en structure - G\u00e9nispec Inspections","og_description":"G\u00e9nispec Inspections est une firme qu\u00e9b\u00e9coise d'experts en structure du b\u00e2timent : fa\u00e7ade, toiture, fondation... D\u00e9couvrez notre expertise et nos services !","og_url":"https:\/\/genispec.com\/en\/building-expert\/","og_site_name":"Genispec","article_publisher":"https:\/\/www.facebook.com\/Genispec\/","article_modified_time":"2025-08-25T21:51:57+00:00","og_image":[{"width":225,"height":106,"url":"https:\/\/genispec.com\/wp-content\/uploads\/2018\/03\/optimized_with_description_FRENCH-e1522356210161.jpg","type":"image\/jpeg"}],"twitter_card":"summary_large_image","twitter_misc":{"Est. reading time":"2 minutes"},"schema":{"@context":"https:\/\/schema.org","@graph":[{"@type":"WebPage","@id":"https:\/\/genispec.com\/en\/building-expert\/","url":"https:\/\/genispec.com\/en\/building-expert\/","name":"Expert en B\u00e2timent : expertise en structure - G\u00e9nispec Inspections","isPartOf":{"@id":"https:\/\/genispec.com\/en\/#website"},"datePublished":"2018-02-12T17:46:55+00:00","dateModified":"2025-08-25T21:51:57+00:00","description":"G\u00e9nispec Inspections est une firme qu\u00e9b\u00e9coise d'experts en structure du b\u00e2timent : fa\u00e7ade, toiture, fondation... D\u00e9couvrez notre expertise et nos services !","breadcrumb":{"@id":"https:\/\/genispec.com\/en\/building-expert\/#breadcrumb"},"inLanguage":"en-CA","potentialAction":[{"@type":"ReadAction","target":["https:\/\/genispec.com\/en\/building-expert\/"]}]},{"@type":"BreadcrumbList","@id":"https:\/\/genispec.com\/en\/building-expert\/#breadcrumb","itemListElement":[{"@type":"ListItem","position":1,"name":"Accueil","item":"https:\/\/genispec.com\/en\/"},{"@type":"ListItem","position":2,"name":"Expertise"}]},{"@type":"WebSite","@id":"https:\/\/genispec.com\/en\/#website","url":"https:\/\/genispec.com\/en\/","name":"Genispec","description":"","publisher":{"@id":"https:\/\/genispec.com\/en\/#organization"},"potentialAction":[{"@type":"SearchAction","target":{"@type":"EntryPoint","urlTemplate":"https:\/\/genispec.com\/en\/?s={search_term_string}"},"query-input":{"@type":"PropertyValueSpecification","valueRequired":true,"valueName":"search_term_string"}}],"inLanguage":"en-CA"},{"@type":"Organization","@id":"https:\/\/genispec.com\/en\/#organization","name":"Genispec","url":"https:\/\/genispec.com\/en\/","logo":{"@type":"ImageObject","inLanguage":"en-CA","@id":"https:\/\/genispec.com\/en\/#\/schema\/logo\/image\/","url":"https:\/\/genispec.com\/wp-content\/uploads\/2018\/03\/optimized_with_description_FRENCH-e1522356210161.jpg","contentUrl":"https:\/\/genispec.com\/wp-content\/uploads\/2018\/03\/optimized_with_description_FRENCH-e1522356210161.jpg","width":225,"height":106,"caption":"Genispec"},"image":{"@id":"https:\/\/genispec.com\/en\/#\/schema\/logo\/image\/"},"sameAs":["https:\/\/www.facebook.com\/Genispec\/","https:\/\/www.instagram.com\/genispec\/","https:\/\/www.linkedin.com\/in\/genispec-inspections-inc-971b7018\/","https:\/\/www.pagesjaunes.ca\/bus\/Quebec\/MONTREAL\/Genispec-Inspections-Inc\/100838448.html","https:\/\/www.youtube.com\/channel\/UC6V4DJsUvAGGOMjMfVG68LQ"]}]}},"_links":{"self":[{"href":"https:\/\/genispec.com\/en\/wp-json\/wp\/v2\/pages\/306","targetHints":{"allow":["GET"]}}],"collection":[{"href":"https:\/\/genispec.com\/en\/wp-json\/wp\/v2\/pages"}],"about":[{"href":"https:\/\/genispec.com\/en\/wp-json\/wp\/v2\/types\/page"}],"author":[{"embeddable":true,"href":"https:\/\/genispec.com\/en\/wp-json\/wp\/v2\/users\/6"}],"replies":[{"embeddable":true,"href":"https:\/\/genispec.com\/en\/wp-json\/wp\/v2\/comments?post=306"}],"version-history":[{"count":0,"href":"https:\/\/genispec.com\/en\/wp-json\/wp\/v2\/pages\/306\/revisions"}],"wp:attachment":[{"href":"https:\/\/genispec.com\/en\/wp-json\/wp\/v2\/media?parent=306"}],"curies":[{"name":"wp","href":"https:\/\/api.w.org\/{rel}","templated":true}]}}